{"id":159,"date":"2017-11-16T12:44:41","date_gmt":"2017-11-16T12:44:41","guid":{"rendered":"https:\/\/www.trucktradingholland.com\/de\/?page_id=159"},"modified":"2017-12-06T09:55:40","modified_gmt":"2017-12-06T09:55:40","slug":"nutzfahrzeug-beratung","status":"publish","type":"page","link":"https:\/\/www.trucktradingholland.com\/de\/dienstleistungen\/nutzfahrzeug-beratung\/","title":{"rendered":"Nutzfahrzeug Beratung"},"content":{"rendered":"<div class=\"fusion-fullwidth fullwidth-box fusion-builder-row-1 nonhundred-percent-fullwidth non-hundred-percent-height-scrolling\" style=\"--awb-border-radius-top-left:0px;--awb-border-radius-top-right:0px;--awb-border-radius-bottom-right:0px;--awb-border-radius-bottom-left:0px;--awb-flex-wrap:wrap;\" ><div class=\"fusion-builder-row fusion-row\"><div class=\"fusion-layout-column fusion_builder_column fusion-builder-column-0 fusion_builder_column_2_3 2_3 fusion-two-third fusion-column-first\" style=\"--awb-bg-size:cover;width:66.666666666667%;width:calc(66.666666666667% - ( ( 4% ) * 0.66666666666667 ) );margin-right: 4%;\"><div class=\"fusion-column-wrapper fusion-flex-column-wrapper-legacy\"><div class=\"fusion-text fusion-text-1\"><h1>Nutzfahrzeug Beratung<\/h1>\n<p>Der Kunde kann bei Truck Trading Holland immer f\u00fcr gute Ratschl\u00e4ge gehen f\u00fcr beide Fahrzeugk\u00e4ufe wie dem Verkauf von Fahrzeugen und kann auf die Marktpreise st\u00fctzen. Wenn Sie an anderer Stelle haben ein interessantes Fahrzeug gefunden, k\u00f6nnen wir in den Kauf zu vermitteln. Ihr Vorteil ist in der Regel g\u00fcnstiger Preis und die Gewissheit, dass die Dokumente korrekt sind. Ein Fahrzeug ohne ordnungsgem\u00e4\u00dfe oder fehlenden Unterlagen hat keinen Wert.<\/p>\n<\/div><div class=\"fusion-clearfix\"><\/div><\/div><\/div><div class=\"fusion-layout-column fusion_builder_column fusion-builder-column-1 fusion_builder_column_1_3 1_3 fusion-one-third fusion-column-last\" style=\"--awb-bg-size:cover;width:33.333333333333%;width:calc(33.333333333333% - ( ( 4% ) * 0.33333333333333 ) );\"><div class=\"fusion-column-wrapper fusion-flex-column-wrapper-legacy\"><div class=\"fusion-widget-area awb-widget-area-element fusion-widget-area-1 fusion-content-widget-area\" style=\"--awb-title-size:34px;--awb-title-color:#000000;\"><section id=\"text-5\" class=\"fusion-slidingbar-widget-column widget widget_text\">\t\t\t<div class=\"textwidget\"><h3>Timezones<\/h3>\n<\/div>\n\t\t<div style=\"clear:both;\"><\/div><\/section><section id=\"coolclock-widget-3\" class=\"fusion-slidingbar-widget-column widget coolclock\"><h4 class=\"widget-title\">Amsterdam<\/h4><div class=\"coolclock-container\" style=\"width:80px;height:auto;margin-right:auto;margin-left:0\"><!--[if lte IE 8]><script type=\"text\/javascript\" src=\"https:\/\/www.trucktradingholland.com\/wp-content\/plugins\/coolclock\/js\/excanvas.min.js\"><\/script><![endif]-->\n<canvas class=\"CoolClock:swissrail:40:::::\"><\/canvas><\/div><div style=\"clear:both;\"><\/div><\/section><section id=\"coolclock-widget-4\" class=\"fusion-slidingbar-widget-column widget coolclock\"><h4 class=\"widget-title\">Londen<\/h4><div class=\"coolclock-container\" style=\"width:80px;height:auto;margin-right:auto;margin-left:0\"><canvas class=\"CoolClock:swissrail:40::0:::\"><\/canvas><\/div><div style=\"clear:both;\"><\/div><\/section><section id=\"coolclock-widget-5\" class=\"fusion-slidingbar-widget-column widget coolclock\"><h4 class=\"widget-title\">New York<\/h4><div class=\"coolclock-container\" style=\"width:80px;height:auto;margin-right:auto;margin-left:0\"><canvas class=\"CoolClock:swissrail:40::-5:::\"><\/canvas><\/div><div style=\"clear:both;\"><\/div><\/section><section id=\"coolclock-widget-6\" class=\"fusion-slidingbar-widget-column widget coolclock\"><h4 class=\"widget-title\">Tokyo<\/h4><div class=\"coolclock-container\" style=\"width:80px;height:auto;margin-right:auto;margin-left:0\"><canvas class=\"CoolClock:swissrail:40::9:::\"><\/canvas><\/div><div style=\"clear:both;\"><\/div><\/section><div class=\"fusion-additional-widget-content\"><\/div><\/div><div class=\"fusion-clearfix\"><\/div><\/div><\/div><\/div><\/div>\n","protected":false},"excerpt":{"rendered":"","protected":false},"author":1,"featured_media":0,"parent":67,"menu_order":0,"comment_status":"closed","ping_status":"closed","template":"","meta":{"footnotes":""},"class_list":["post-159","page","type-page","status-publish","hentry"],"_links":{"self":[{"href":"https:\/\/www.trucktradingholland.com\/de\/wp-json\/wp\/v2\/pages\/159","targetHints":{"allow":["GET"]}}],"collection":[{"href":"https:\/\/www.trucktradingholland.com\/de\/wp-json\/wp\/v2\/pages"}],"about":[{"href":"https:\/\/www.trucktradingholland.com\/de\/wp-json\/wp\/v2\/types\/page"}],"author":[{"embeddable":true,"href":"https:\/\/www.trucktradingholland.com\/de\/wp-json\/wp\/v2\/users\/1"}],"replies":[{"embeddable":true,"href":"https:\/\/www.trucktradingholland.com\/de\/wp-json\/wp\/v2\/comments?post=159"}],"version-history":[{"count":3,"href":"https:\/\/www.trucktradingholland.com\/de\/wp-json\/wp\/v2\/pages\/159\/revisions"}],"predecessor-version":[{"id":492,"href":"https:\/\/www.trucktradingholland.com\/de\/wp-json\/wp\/v2\/pages\/159\/revisions\/492"}],"up":[{"embeddable":true,"href":"https:\/\/www.trucktradingholland.com\/de\/wp-json\/wp\/v2\/pages\/67"}],"wp:attachment":[{"href":"https:\/\/www.trucktradingholland.com\/de\/wp-json\/wp\/v2\/media?parent=159"}],"curies":[{"name":"wp","href":"https:\/\/api.w.org\/{rel}","templated":true}]}}