{"id":67,"date":"2017-11-16T09:59:51","date_gmt":"2017-11-16T09:59:51","guid":{"rendered":"https:\/\/www.trucktradingholland.com\/de\/?page_id=67"},"modified":"2017-12-08T13:44:04","modified_gmt":"2017-12-08T13:44:04","slug":"dienstleistungen","status":"publish","type":"page","link":"https:\/\/www.trucktradingholland.com\/de\/dienstleistungen\/","title":{"rendered":"Dienstleistungen"},"content":{"rendered":"<div class=\"fusion-fullwidth fullwidth-box fusion-builder-row-1 diensten-text nonhundred-percent-fullwidth non-hundred-percent-height-scrolling\" style=\"--awb-border-radius-top-left:0px;--awb-border-radius-top-right:0px;--awb-border-radius-bottom-right:0px;--awb-border-radius-bottom-left:0px;--awb-flex-wrap:wrap;\" ><div class=\"fusion-builder-row fusion-row\"><div class=\"fusion-layout-column fusion_builder_column fusion-builder-column-0 fusion_builder_column_2_3 2_3 fusion-two-third fusion-column-first\" style=\"--awb-bg-size:cover;width:66.666666666667%;width:calc(66.666666666667% - ( ( 4% ) * 0.66666666666667 ) );margin-right: 4%;\"><div class=\"fusion-column-wrapper fusion-flex-column-wrapper-legacy\"><div class=\"fusion-text fusion-text-1\"><h1>Dienstleistungen<\/h1>\n<p>Die Verkaufspreise sind immer netto exw, Incoterms 2000 Netto ab unsere Standort Terborg. Sobald Sie ein Fahrzeug von uns gekauft haben, k\u00f6nnen wir eine Reihe von Dienstleistungen anbieten. Wir k\u00f6nnen wir Sie helfen mit Transport, Verschiffung, vor\u00fcbergehenden Ausfuhr Platten, Versicherung und Ausfuhrdokumente das Sie das Fahrzeug einfach in das Bestimmungsland zu importieren k\u00f6nnen. Falls Sie mehr wissen wollen, w\u00fcrden wir gerne von Ihnen h\u00f6ren.<\/p>\n<h2><strong>RWD Erkennung<\/strong><\/h2>\n<p>Truck Trading Holland wird erkannt, w\u00e4hrend RDW Mitglied berechtigt, das folgende Leistungen RDW an zu bieten:<br \/>\nHoll\u00e4ndische zugelassenen Fahrzeuge sind mit Export eines formalen Ausfuhranmeldung ausgestattet und in RDW System angemeldet ist.<\/p>\n<p>An- und Abmelden des Niederlanden zugelassenen Fahrzeugen in RDW System.<\/p>\n<p>Abmelden mit Abmeldung Bescheinigung. Das Fahrzeug wird in unserem Unternehmen Lager aufgenommen werden. Das ist Ihre Nachweis f\u00fcr die Annullierung der Versicherung, Kfz-Steuer und Haftung.<\/p>\n<p>F\u00fcr den Niederl\u00e4ndischen Kunden, wird eine Niederl\u00e4ndische Kennzeichen von die Zuschreibung dieses Fahrzeugs auf den Namen des Kunden.<\/p>\n<p>RDW Inspektionen um ausl\u00e4ndische Fahrzeuge um zu stellen nach eines Niederl\u00e4ndischen Zulassungsbescheinigung mit T\u00dcV.<\/p>\n<p>Als gesch\u00e4tzter Partner von Cargo Export wir t\u00e4tig sind, in einer festen und genauen Muster auf den gesamten Abrechnungsbelegen. Online Verbindung, um die Ausgabe von gr\u00fcne (Versicherung) Karten und Zollformulare zu k\u00f6nnen machen.<\/p>\n<h2><strong>Transport und Verschiffung<\/strong><\/h2>\n<p>Durch unsere langj\u00e4hrige Erfahrung, k\u00f6nnen Sie Gebrauch machen von unserem umfangreichen Netzwerk von (LKW) Transportunternehmen, Speditionen und Reedereien. Zusammen bem\u00fchen wir uns um Ihre Kauf schnell, kosteng\u00fcnstig und auch sicher am Zielort zu bekommen.In einigen F\u00e4llen ist es m\u00f6glich, Ihr Fahrzeug zu versichern, fragen Sie nach den M\u00f6glichkeiten.<\/p>\n<h2><strong>Zollformalit\u00e4ten<\/strong><\/h2>\n<p>Beim Transport von Fahrzeugen au\u00dferhalb der EU werden verschiedene Zollpapiere erforderlich. Das am h\u00e4ufigsten verwendete Dokument ist ein Dokument, EX1 (sagitta). In einigen L\u00e4ndern erfordert auch eine Aussage EUR1, sicherlich k\u00f6nnen wir auch diese machen. Wir sind berechtigt, die Pflege aller Zollformalit\u00e4ten im Haus von unserem B\u00fcro zu nehmen. Deshalb sind wir in direktem Kontakt mit den Sitten und wir Wissen \u00fcber alle Ein- und Ausfuhrbeschr\u00e4nkungen, Zollformalit\u00e4ten und Vorschriften. Echtzeit k\u00f6nnen wir verfolgen, ob das Fahrzeug die EU verlassen hast.<\/p>\n<h2><strong>Export-kenzeichen mit Versicherung<\/strong><\/h2>\n<p>Fahrzeuge die auf dem Weg in das Bestimmungsland verlassen m\u00fcssen eine g\u00fcltige Ausfuhr Eintragung beizuf\u00fcgen. Es ist ein Kurzzeitkennzeichen, das eine begrenzte Anzahl von Tagen g\u00fcltig ist. Obwohl es heute Tag immer schwieriger wird, gibt es noch eine Reihe von M\u00f6glichkeiten. Die Versicherung f\u00fcr diese Kurzzeitkennzeichen, k\u00f6nnen wir nat\u00fcrlich auch f\u00fcr Sie zur Verf\u00fcgung stellen.<br \/>\nGemeinsam werden wir einen Termin \u00fcber die Lieferfrist vereinbaren, so dass alles bereit ist f\u00fcr eine reibungslose Auslieferung. Alles was Sie dann noch tun m\u00fcssen, ist erhalten und losfahren!<\/p>\n<h2><strong>Nutzfahrzeug-Leasing<\/strong><\/h2>\n<p>Kauf eines Fahrzeugs bedeutet immer eine erhebliche Investition. Das Leasing des Fahrzeugs kann eine interessante L\u00f6sung f\u00fcr Sie sein, es gibt unz\u00e4hlige M\u00f6glichkeiten.<br \/>\nSo k\u00f6nnen wir beispielsweise vermitteln im Operating Leasing, Finanzierung, Servicevertr\u00e4ge und Kauf mit Verkauf zur\u00fcck Konstruktionen. Wir werden nur arbeiten mit anerkannten, arbeitete sehr zuverl\u00e4ssig Leasingunternehmen im In- und Ausland<\/p>\n<h2><strong>Nutzfahrzeug Beratung<\/strong><\/h2>\n<p>Der Kunde kann bei Truck Trading Holland immer f\u00fcr gute Ratschl\u00e4ge gehen f\u00fcr beide Fahrzeugk\u00e4ufe wie dem Verkauf von Fahrzeugen und kann auf die Marktpreise st\u00fctzen. Wenn Sie an anderer Stelle haben ein interessantes Fahrzeug gefunden, k\u00f6nnen wir in den Kauf zu vermitteln. Ihr Vorteil ist in der Regel g\u00fcnstiger Preis und die Gewissheit, dass die Dokumente korrekt sind. Ein Fahrzeug ohne ordnungsgem\u00e4\u00dfe oder fehlenden Unterlagen hat keinen Wert.<\/p>\n<h2><strong>Aufenthalt Hotel oder B&amp;B<\/strong><\/h2>\n<p>Wenn Sie au\u00dferhalb der \u00d6ffnungszeiten bei uns verbleiben wollen, haben Sie die M\u00f6glichkeit, in guten Hotels zu bleiben. Sie k\u00f6nnen auch f\u00fcr eine billigere L\u00f6sung in Form von Bed &amp; Breakfast Einrichtungen in der N\u00e4he w\u00e4hlen. Terborg befindet sich zwischen den internationalen Flugh\u00e4fen von Amsterdam und D\u00fcsseldorf. Mit der billigeren Charter k\u00f6nnen Sie sich jetzt auch f\u00fcr die kleineren Flugh\u00e4fen entscheiden, beispielsweise Rotterdam, Maastricht, Eindhoven und Dusseldorf &#8211; Weeze.<br \/>\nTerborg ist mit \u00f6ffentlichen Verkehrsmitteln gut erreichbar, verf\u00fcgt Terborg sogar einen eigenen Bahnhof. Sobald Sie da sind rufen Sie uns an und Sie werden abgeholt!<\/p>\n<\/div><div class=\"fusion-clearfix\"><\/div><\/div><\/div><div class=\"fusion-layout-column fusion_builder_column fusion-builder-column-1 fusion_builder_column_1_3 1_3 fusion-one-third fusion-column-last\" style=\"--awb-bg-size:cover;width:33.333333333333%;width:calc(33.333333333333% - ( ( 4% ) * 0.33333333333333 ) );\"><div class=\"fusion-column-wrapper fusion-flex-column-wrapper-legacy\"><div class=\"fusion-widget-area awb-widget-area-element fusion-widget-area-1 fusion-content-widget-area\" style=\"--awb-title-size:34px;--awb-title-color:#333333;\"><section id=\"text-5\" class=\"fusion-slidingbar-widget-column widget widget_text\">\t\t\t<div class=\"textwidget\"><h3>Timezones<\/h3>\n<\/div>\n\t\t<div style=\"clear:both;\"><\/div><\/section><section id=\"coolclock-widget-3\" class=\"fusion-slidingbar-widget-column widget coolclock\"><h4 class=\"widget-title\">Amsterdam<\/h4><div class=\"coolclock-container\" style=\"width:80px;height:auto;margin-right:auto;margin-left:0\"><!--[if lte IE 8]><script type=\"text\/javascript\" src=\"https:\/\/www.trucktradingholland.com\/wp-content\/plugins\/coolclock\/js\/excanvas.min.js\"><\/script><![endif]-->\n<canvas class=\"CoolClock:swissrail:40:::::\"><\/canvas><\/div><div style=\"clear:both;\"><\/div><\/section><section id=\"coolclock-widget-4\" class=\"fusion-slidingbar-widget-column widget coolclock\"><h4 class=\"widget-title\">Londen<\/h4><div class=\"coolclock-container\" style=\"width:80px;height:auto;margin-right:auto;margin-left:0\"><canvas class=\"CoolClock:swissrail:40::0:::\"><\/canvas><\/div><div style=\"clear:both;\"><\/div><\/section><section id=\"coolclock-widget-5\" class=\"fusion-slidingbar-widget-column widget coolclock\"><h4 class=\"widget-title\">New York<\/h4><div class=\"coolclock-container\" style=\"width:80px;height:auto;margin-right:auto;margin-left:0\"><canvas class=\"CoolClock:swissrail:40::-5:::\"><\/canvas><\/div><div style=\"clear:both;\"><\/div><\/section><section id=\"coolclock-widget-6\" class=\"fusion-slidingbar-widget-column widget coolclock\"><h4 class=\"widget-title\">Tokyo<\/h4><div class=\"coolclock-container\" style=\"width:80px;height:auto;margin-right:auto;margin-left:0\"><canvas class=\"CoolClock:swissrail:40::9:::\"><\/canvas><\/div><div style=\"clear:both;\"><\/div><\/section><div class=\"fusion-additional-widget-content\"><\/div><\/div><div class=\"fusion-clearfix\"><\/div><\/div><\/div><\/div><\/div>\n","protected":false},"excerpt":{"rendered":"","protected":false},"author":1,"featured_media":0,"parent":0,"menu_order":0,"comment_status":"closed","ping_status":"closed","template":"","meta":{"footnotes":""},"class_list":["post-67","page","type-page","status-publish","hentry"],"_links":{"self":[{"href":"https:\/\/www.trucktradingholland.com\/de\/wp-json\/wp\/v2\/pages\/67","targetHints":{"allow":["GET"]}}],"collection":[{"href":"https:\/\/www.trucktradingholland.com\/de\/wp-json\/wp\/v2\/pages"}],"about":[{"href":"https:\/\/www.trucktradingholland.com\/de\/wp-json\/wp\/v2\/types\/page"}],"author":[{"embeddable":true,"href":"https:\/\/www.trucktradingholland.com\/de\/wp-json\/wp\/v2\/users\/1"}],"replies":[{"embeddable":true,"href":"https:\/\/www.trucktradingholland.com\/de\/wp-json\/wp\/v2\/comments?post=67"}],"version-history":[{"count":7,"href":"https:\/\/www.trucktradingholland.com\/de\/wp-json\/wp\/v2\/pages\/67\/revisions"}],"predecessor-version":[{"id":815,"href":"https:\/\/www.trucktradingholland.com\/de\/wp-json\/wp\/v2\/pages\/67\/revisions\/815"}],"wp:attachment":[{"href":"https:\/\/www.trucktradingholland.com\/de\/wp-json\/wp\/v2\/media?parent=67"}],"curies":[{"name":"wp","href":"https:\/\/api.w.org\/{rel}","templated":true}]}}