{"id":368,"date":"2017-11-16T09:59:51","date_gmt":"2017-11-16T09:59:51","guid":{"rendered":"https:\/\/www.trucktradingholland.com\/it\/diensten\/"},"modified":"2017-12-08T13:44:33","modified_gmt":"2017-12-08T13:44:33","slug":"servizi","status":"publish","type":"page","link":"https:\/\/www.trucktradingholland.com\/it\/servizi\/","title":{"rendered":"Servizi"},"content":{"rendered":"<div class=\"fusion-fullwidth fullwidth-box fusion-builder-row-1 nonhundred-percent-fullwidth non-hundred-percent-height-scrolling diensten-text\" style=\"--awb-border-radius-top-left:0px;--awb-border-radius-top-right:0px;--awb-border-radius-bottom-right:0px;--awb-border-radius-bottom-left:0px;--awb-flex-wrap:wrap;\" ><div class=\"fusion-builder-row fusion-row\"><div class=\"fusion-layout-column fusion_builder_column fusion-builder-column-0 fusion_builder_column_2_3 2_3 fusion-two-third fusion-column-first\" style=\"--awb-bg-size:cover;width:66.666666666667%;width:calc(66.666666666667% - ( ( 4% ) * 0.66666666666667 ) );margin-right: 4%;\"><div class=\"fusion-column-wrapper fusion-flex-column-wrapper-legacy\"><div class=\"fusion-text fusion-text-1\"><h1>Servizi<\/h1>\n<p>I prezzi di vendita sono sempre Ex Works, Incoterms 2000 netto Terborg. Una volta acquistato un veicolo da noi, siamo in grado di facilitare una serie di servizi. Cos\u00ec si pu\u00f2 includere a noi per il trasporto, la spedizione, le piastre di temporanea esportazione, assicurazione e documenti di esportazione per il veicolo facile da importare nel paese di destinazione. Qui di seguito spieghiamo questo ulteriore, se volete saperne di pi\u00f9, ci piacerebbe sentire da voi.<\/p>\n<h2><strong>RDW Riconosciuto<\/strong><\/h2>\n<p>Truck Trading Olanda \u00e8 riconosciuto come membro RDW autorizzato a fornire i seguenti servizi RDW:<br \/>\nVeicoli immatricolati Olandesi sono equipaggiati con l&#8217;esportazione di una formale dichiarazione di esportazione e registrati nel sistema RDW.<\/p>\n<p>Entrare e re-entrare veicoli Olandese registrati dal sistema RDW.<\/p>\n<p>Logout associata a indennizzo. Il veicolo sar\u00e0 incluso nella nostra societ\u00e0 per azioni. La tutela \u00e8 la prova per la cancellazione di assicurazione, tasse e la responsabilit\u00e0 strada.<\/p>\n<p>Per il cliente Olandese che acquista un veicolo Olandese, Truck Trading Holland se lo si desidera, l&#8217;attribuzione di questo veicolo a nome del cliente.<br \/>\nIspezioni RDW, forniscono veicoli stranieri di un certificato di immatricolazione Olandese e qualsiasi MOT.<\/p>\n<p>Come un partner prezioso di Cargo-export operiamo in un modello fisso e accurate sui interi documenti di liquidazione. Entrare online (attraverso il sistema RDW) al rilascio delle carte verde (assicurazione) e forme doganali.<\/p>\n<h2><strong>Trasporto e spedizione<\/strong><\/h2>\n<p>Attraverso i nostri anni di esperienza, \u00e8 possibile usufruire di una vasta rete di (camion) societ\u00e0 di trasporto, spedizionieri e le compagnie di navigazione. Insieme facciamo ogni sforzo per ottenere il vostro acquisto veloce, conveniente e sicuro anche a destinazione.<br \/>\nIn alcuni casi \u00e8 possibile assicurare il veicolo, per chiedere le possibilit\u00e0.<\/p>\n<h2><strong>Formalit\u00e0 doganali<\/strong><\/h2>\n<p>Per il trasporto di veicoli al di fuori dell&#8217;UE, sono necessari diversi documenti doganali. Il documento pi\u00f9 comunemente usato \u00e8 una EX1 documenti (Sagitta). In alcuni paesi, richiede anche un EU1 dichiarazione, sicuramente possiamo anche organizzare questo. Siamo autorizzati, a prendersi cura di tutte le formalit\u00e0 doganali in casa dal nostro ufficio. Quindi siamo in contatto diretto con i costumi e abbiamo conoscenza di tutte restrizioni all&#8217;importazione e all&#8217;esportazione, formalit\u00e0 e disposizioni doganali. Realtime possiamo seguire se il veicolo ha lasciato l&#8217;Unione Europea.<\/p>\n<h2><strong>Targhe provvissorie con assicurazione<\/strong><\/h2>\n<p>I veicoli che viaggiano sulla strada per lasciare il paese di destinazione devono essere accompagnati da una registrazione di esportazione valida. \u00c8 una targa temporanea, che comprenda un numero limitato di giorni \u00e8 valida. Anche se il giorno \u00e8 sempre pi\u00f9 difficile oggi, ci sono ancora una serie di possibilit\u00e0. L&#8217;assicurazione per la targa provvisoria, possiamo naturalmente anche in grado di fornire per voi.<br \/>\nInsieme facciamo fissare un appuntamento per quanto riguarda la data di consegna, in modo che tutto sia pronto per una consegna regolare. Lei solo deve prendere, entrare e guidare il suo Camion!<\/p>\n<h2><strong>Leasing di veicoli commerciali<\/strong><\/h2>\n<p>L&#8217;acquisto di un veicolo, sempre un investimento rilevante. La locazione del veicolo pu\u00f2 essere una soluzione interessante per voi, ci sono innumerevoli possibilit\u00e0.<br \/>\nCos\u00ec possiamo mediare per esempio in leasing operativo, il finanziamento, i contratti di servizio e di locazione e vendita indietro costruzioni. Lavoriamo solo con riconosciuta, societ\u00e0 di leasing altamente affidabili lavorato in patria e all&#8217;estero.<\/p>\n<h2><strong>Consulenza di veicoli commerciali<\/strong><\/h2>\n<p>Il cliente pu\u00f2 ricevere di Truck Trading Holland buon consiglio del suono sia per gli acquisti di veicoli come la vendita di veicoli e pu\u00f2 contare su prezzi di mercato. Se altrove hai trovato un veicolo interessante, possiamo mediare nel vostro acquisto. Il vantaggio \u00e8 di solito prezzo pi\u00f9 favorevole e la certezza che i documenti siano corretti. Un veicolo senza documenti regolari o mancanti non ha alcun valore.<\/p>\n<h2><strong>Dormire fuori orari degli ufficio<\/strong><\/h2>\n<p>Se risiedi fuori degli orari di ufficio con noi, si ha la possibilit\u00e0 di rimanere in buoni alberghi. Si pu\u00f2 anche optare per una soluzione pi\u00f9 economica in forma di Bed &amp; Breakfast strutture nelle vicinanze.<br \/>\nTerborg si trova tra gli aeroporti internazionali di Amsterdam e D\u00fcsseldorf. Con le linea aerea pi\u00f9 economiche \u00e8 ora possibile optare per gli aeroporti pi\u00f9 piccoli, per esempio, Rotterdam, Maastricht, Eindhoven e Dusseldorf &#8211; Weeze.<br \/>\nTerborg \u00e8 facilmente raggiungibile con i mezzi pubblici, Terborg ha anche una propria stazione ferroviaria. Una volta che sei arrivato, chiami e vi verremo a prendere!<\/p>\n<\/div><div class=\"fusion-clearfix\"><\/div><\/div><\/div><div class=\"fusion-layout-column fusion_builder_column fusion-builder-column-1 fusion_builder_column_1_3 1_3 fusion-one-third fusion-column-last\" style=\"--awb-bg-size:cover;width:33.333333333333%;width:calc(33.333333333333% - ( ( 4% ) * 0.33333333333333 ) );\"><div class=\"fusion-column-wrapper fusion-flex-column-wrapper-legacy\"><div class=\"fusion-widget-area awb-widget-area-element fusion-widget-area-1 fusion-content-widget-area\" style=\"--awb-title-size:34px;--awb-title-color:#333333;\"><section id=\"text-5\" class=\"fusion-slidingbar-widget-column widget widget_text\">\t\t\t<div class=\"textwidget\"><h3>Timezones<\/h3>\n<\/div>\n\t\t<div style=\"clear:both;\"><\/div><\/section><section id=\"coolclock-widget-3\" class=\"fusion-slidingbar-widget-column widget coolclock\"><h4 class=\"widget-title\">Amsterdam<\/h4><div class=\"coolclock-container\" style=\"width:80px;height:auto;margin-right:auto;margin-left:0\"><!--[if lte IE 8]><script type=\"text\/javascript\" src=\"https:\/\/www.trucktradingholland.com\/wp-content\/plugins\/coolclock\/js\/excanvas.min.js\"><\/script><![endif]-->\n<canvas class=\"CoolClock:swissrail:40:::::\"><\/canvas><\/div><div style=\"clear:both;\"><\/div><\/section><section id=\"coolclock-widget-4\" class=\"fusion-slidingbar-widget-column widget coolclock\"><h4 class=\"widget-title\">Londen<\/h4><div class=\"coolclock-container\" style=\"width:80px;height:auto;margin-right:auto;margin-left:0\"><canvas class=\"CoolClock:swissrail:40::0:::\"><\/canvas><\/div><div style=\"clear:both;\"><\/div><\/section><section id=\"coolclock-widget-5\" class=\"fusion-slidingbar-widget-column widget coolclock\"><h4 class=\"widget-title\">New York<\/h4><div class=\"coolclock-container\" style=\"width:80px;height:auto;margin-right:auto;margin-left:0\"><canvas class=\"CoolClock:swissrail:40::-5:::\"><\/canvas><\/div><div style=\"clear:both;\"><\/div><\/section><section id=\"coolclock-widget-6\" class=\"fusion-slidingbar-widget-column widget coolclock\"><h4 class=\"widget-title\">Tokyo<\/h4><div class=\"coolclock-container\" style=\"width:80px;height:auto;margin-right:auto;margin-left:0\"><canvas class=\"CoolClock:swissrail:40::9:::\"><\/canvas><\/div><div style=\"clear:both;\"><\/div><\/section><div class=\"fusion-additional-widget-content\"><\/div><\/div><div class=\"fusion-clearfix\"><\/div><\/div><\/div><\/div><\/div>\n","protected":false},"excerpt":{"rendered":"","protected":false},"author":1,"featured_media":0,"parent":0,"menu_order":0,"comment_status":"closed","ping_status":"closed","template":"","meta":{"footnotes":""},"class_list":["post-368","page","type-page","status-publish","hentry"],"_links":{"self":[{"href":"https:\/\/www.trucktradingholland.com\/it\/wp-json\/wp\/v2\/pages\/368","targetHints":{"allow":["GET"]}}],"collection":[{"href":"https:\/\/www.trucktradingholland.com\/it\/wp-json\/wp\/v2\/pages"}],"about":[{"href":"https:\/\/www.trucktradingholland.com\/it\/wp-json\/wp\/v2\/types\/page"}],"author":[{"embeddable":true,"href":"https:\/\/www.trucktradingholland.com\/it\/wp-json\/wp\/v2\/users\/1"}],"replies":[{"embeddable":true,"href":"https:\/\/www.trucktradingholland.com\/it\/wp-json\/wp\/v2\/comments?post=368"}],"version-history":[{"count":3,"href":"https:\/\/www.trucktradingholland.com\/it\/wp-json\/wp\/v2\/pages\/368\/revisions"}],"predecessor-version":[{"id":816,"href":"https:\/\/www.trucktradingholland.com\/it\/wp-json\/wp\/v2\/pages\/368\/revisions\/816"}],"wp:attachment":[{"href":"https:\/\/www.trucktradingholland.com\/it\/wp-json\/wp\/v2\/media?parent=368"}],"curies":[{"name":"wp","href":"https:\/\/api.w.org\/{rel}","templated":true}]}}