{"id":478,"date":"2017-11-16T08:51:44","date_gmt":"2017-11-16T08:51:44","guid":{"rendered":"https:\/\/www.trucktradingholland.com\/it\/homepage\/"},"modified":"2020-11-06T15:16:27","modified_gmt":"2020-11-06T15:16:27","slug":"homepage","status":"publish","type":"page","link":"https:\/\/www.trucktradingholland.com\/it\/","title":{"rendered":"Homepage"},"content":{"rendered":"<p><div class=\"fusion-fullwidth fullwidth-box fusion-builder-row-1 homepage-content nonhundred-percent-fullwidth non-hundred-percent-height-scrolling fusion-equal-height-columns\" style=\"--awb-border-radius-top-left:0px;--awb-border-radius-top-right:0px;--awb-border-radius-bottom-right:0px;--awb-border-radius-bottom-left:0px;--awb-padding-bottom:30px;--awb-margin-top:-30px;--awb-background-color:#f2f2f2;--awb-flex-wrap:wrap;\" ><div class=\"fusion-builder-row fusion-row\"><div class=\"fusion-layout-column fusion_builder_column fusion-builder-column-0 fusion_builder_column_1_3 1_3 fusion-one-third fusion-column-first\" style=\"--awb-padding-top:70px;--awb-padding-right:20px;--awb-padding-bottom:10px;--awb-padding-left:20px;--awb-bg-color:#ffffff;--awb-bg-color-hover:#ffffff;--awb-bg-size:cover;--awb-margin-top:-53px;width:33.333333333333%;width:calc(33.333333333333% - ( ( 4% + 4% ) * 0.33333333333333 ) );margin-right: 4%;\"><div class=\"fusion-column-wrapper fusion-flex-column-wrapper-legacy\"><div class=\"fusion-text fusion-text-1\"><p class=\"homepage-custom-title\" style=\"text-align: center;\">CONTATTO<\/p>\n<\/div><div class=\"fusion-text fusion-text-2\"><p><strong><em>ULFT<br \/>\nTRANSPORTWEG 5<br \/>\n7071 CL ULFT &#8211; HOLLAND<\/em><\/strong><br \/>\n<strong> <em><a href=\"tel:+31630484706\">+31 6 30 48 47 06<\/a><\/em><\/strong><br \/>\n<strong> <em><a href=\"tel:+31315820392\">+31 315 820392<\/a><\/em><\/strong><br \/>\n<strong> <em><a href=\"mailto:info@trucktradingholland.com\">INFO@TRUCKTRADINGHOLLAND.COM<\/a><\/em><\/strong><\/p>\n<\/div>\t\t\t\t\t<script type=\"text\/javascript\">\n\t\t\t\t\t\tvar map_fusion_map_69f5b9e794bb1;\n\t\t\t\t\t\tvar markers = [];\n\t\t\t\t\t\tvar counter = 0;\n\t\t\t\t\t\t\t\t\t\t\t\t\t\t\t\t\t\t\t\tvar fusionMapNonce = 'afa079bd0a';\n\t\t\t\t\t\t\t\t\t\t\t\tfunction fusion_run_map_fusion_map_69f5b9e794bb1() {\n\t\t\t\t\t\t\tjQuery ('#fusion_map_69f5b9e794bb1' ).fusion_maps( {\n\t\t\t\t\t\t\t\taddresses: [{\"address\":\"Truck Trading Holland<br \\\/>\\nTransportweg 5<br \\\/>\\n7071 CL Ulft - Holland\",\"infobox_content\":\"Truck Trading Holland<br \\\/>\\\\nTransportweg 5<br \\\/>\\\\n7071 CL Ulft - Holland\",\"coordinates\":false,\"cache\":true,\"latitude\":\"51.8797559\",\"longitude\":\"6.385596\"}],\n\t\t\t\t\t\t\t\tanimations: false,\n\t\t\t\t\t\t\t\tinfobox_background_color: '',\n\t\t\t\t\t\t\t\tinfobox_styling: 'default',\n\t\t\t\t\t\t\t\tinfobox_text_color: '',\n\t\t\t\t\t\t\t\tmap_style: 'default',\n\t\t\t\t\t\t\t\tmap_type: 'satellite',\n\t\t\t\t\t\t\t\tmarker_icon: '',\n\t\t\t\t\t\t\t\toverlay_color: '',\n\t\t\t\t\t\t\t\toverlay_color_hsl: {\"hue\":0,\"sat\":0,\"lum\":100},\n\t\t\t\t\t\t\t\tshow_address: true,\n\t\t\t\t\t\t\t\tscale_control: true,\n\t\t\t\t\t\t\t\tscrollwheel: false,\n\t\t\t\t\t\t\t\tzoom: 12,\n\t\t\t\t\t\t\t\tzoom_control: true,\n\t\t\t\t\t\t\t} );\n\t\t\t\t\t\t}\n\n\t\t\t\t\t\tgoogle.maps.event.addDomListener(window, 'load', fusion_run_map_fusion_map_69f5b9e794bb1);\n\t\t\t\t\t<\/script>\n\t\t\t\t\t<div class=\"shortcode-map fusion-google-map fusion-maps-js-type\" style=\"--awb-height:179px;\" id=\"fusion_map_69f5b9e794bb1\"><\/div><div class=\"fusion-alignleft\"><a class=\"fusion-button button-flat fusion-button-default-size button-default fusion-button-default button-1 fusion-button-default-span fusion-button-default-type homepage-route-button\" style=\"--button-border-radius-top-left:0px;--button-border-radius-top-right:0px;--button-border-radius-bottom-right:0px;--button-border-radius-bottom-left:0px;\" target=\"_self\"><span class=\"fusion-button-text awb-button__text awb-button__text--default\">PERCORSO<\/span><\/a><\/div><div class=\"fusion-clearfix\"><\/div><\/div><\/div><div class=\"fusion-layout-column fusion_builder_column fusion-builder-column-1 fusion_builder_column_1_3 1_3 fusion-one-third homepage-columns\" style=\"--awb-padding-top:70px;--awb-padding-right:20px;--awb-padding-bottom:10px;--awb-padding-left:20px;--awb-bg-color:#ffffff;--awb-bg-color-hover:#ffffff;--awb-bg-size:cover;--awb-margin-top:-53px;width:33.333333333333%;width:calc(33.333333333333% - ( ( 4% + 4% ) * 0.33333333333333 ) );margin-right: 4%;\"><div class=\"fusion-column-wrapper fusion-flex-column-wrapper-legacy\"><div class=\"fusion-text fusion-text-3\"><p class=\"homepage-custom-title\" style=\"text-align: center;\">STOCK<\/p>\n<\/div><div class=\"fusion-text fusion-text-4\"><p><a href=\"#\"><em><strong>TRATTORE<\/strong><\/em><\/a><br \/>\n<a href=\"#\"><em><strong>CAMION<\/strong><\/em><\/a><br \/>\n<strong><em><a href=\"#\">RIMORCHI<br \/>\n<\/a><a href=\"#\"><span lang=\"it\">MISCELLANEO<\/span><\/a><\/em><\/strong><\/p>\n<\/div><div class=\"fusion-builder-row fusion-builder-row-inner fusion-row\"><div class=\"fusion-layout-column fusion_builder_column_inner fusion-builder-nested-column-0 fusion_builder_column_inner_1_2 1_2 fusion-one-half fusion-column-first\" style=\"--awb-bg-size:cover;width:50%;width:calc(50% - ( ( 4% ) * 0.5 ) );margin-right: 4%;\"><div class=\"fusion-column-wrapper fusion-flex-column-wrapper-legacy\"><div class=\"fusion-image-element in-legacy-container\" style=\"--awb-caption-title-font-family:var(--h2_typography-font-family);--awb-caption-title-font-weight:var(--h2_typography-font-weight);--awb-caption-title-font-style:var(--h2_typography-font-style);--awb-caption-title-size:var(--h2_typography-font-size);--awb-caption-title-transform:var(--h2_typography-text-transform);--awb-caption-title-line-height:var(--h2_typography-line-height);--awb-caption-title-letter-spacing:var(--h2_typography-letter-spacing);\"><span class=\" fusion-imageframe imageframe-none imageframe-1 hover-type-none\"><img decoding=\"async\" width=\"148\" height=\"111\" title=\"img_1\" src=\"https:\/\/www.trucktradingholland.com\/wp-content\/uploads\/2017\/12\/img_1-2.jpg\" alt class=\"img-responsive wp-image-772\"\/><\/span><\/div><div class=\"fusion-clearfix\"><\/div><\/div><\/div><div class=\"fusion-layout-column fusion_builder_column_inner fusion-builder-nested-column-1 fusion_builder_column_inner_1_2 1_2 fusion-one-half fusion-column-last\" style=\"--awb-bg-size:cover;width:50%;width:calc(50% - ( ( 4% ) * 0.5 ) );\"><div class=\"fusion-column-wrapper fusion-flex-column-wrapper-legacy\"><div class=\"fusion-image-element in-legacy-container\" style=\"--awb-caption-title-font-family:var(--h2_typography-font-family);--awb-caption-title-font-weight:var(--h2_typography-font-weight);--awb-caption-title-font-style:var(--h2_typography-font-style);--awb-caption-title-size:var(--h2_typography-font-size);--awb-caption-title-transform:var(--h2_typography-text-transform);--awb-caption-title-line-height:var(--h2_typography-line-height);--awb-caption-title-letter-spacing:var(--h2_typography-letter-spacing);\"><span class=\" fusion-imageframe imageframe-none imageframe-2 hover-type-none\"><img decoding=\"async\" width=\"148\" height=\"111\" title=\"img_2\" src=\"https:\/\/www.trucktradingholland.com\/wp-content\/uploads\/2017\/12\/img_2-2.jpg\" alt class=\"img-responsive wp-image-776\"\/><\/span><\/div><div class=\"fusion-clearfix\"><\/div><\/div><\/div><\/div><div class=\"fusion-builder-row fusion-builder-row-inner fusion-row\"><div class=\"fusion-layout-column fusion_builder_column_inner fusion-builder-nested-column-2 fusion_builder_column_inner_1_2 1_2 fusion-one-half fusion-column-first\" style=\"--awb-bg-size:cover;width:50%;width:calc(50% - ( ( 4% ) * 0.5 ) );margin-right: 4%;\"><div class=\"fusion-column-wrapper fusion-flex-column-wrapper-legacy\"><div class=\"fusion-image-element in-legacy-container\" style=\"--awb-caption-title-font-family:var(--h2_typography-font-family);--awb-caption-title-font-weight:var(--h2_typography-font-weight);--awb-caption-title-font-style:var(--h2_typography-font-style);--awb-caption-title-size:var(--h2_typography-font-size);--awb-caption-title-transform:var(--h2_typography-text-transform);--awb-caption-title-line-height:var(--h2_typography-line-height);--awb-caption-title-letter-spacing:var(--h2_typography-letter-spacing);\"><span class=\" fusion-imageframe imageframe-none imageframe-3 hover-type-none\"><img decoding=\"async\" width=\"148\" height=\"111\" title=\"img_3\" src=\"https:\/\/www.trucktradingholland.com\/wp-content\/uploads\/2017\/12\/img_3-2.jpg\" alt class=\"img-responsive wp-image-780\"\/><\/span><\/div><div class=\"fusion-alignleft\"><a class=\"fusion-button button-flat fusion-button-default-size button-default fusion-button-default button-2 fusion-button-default-span fusion-button-default-type homepage-stock-button\" style=\"--button-border-radius-top-left:0px;--button-border-radius-top-right:0px;--button-border-radius-bottom-right:0px;--button-border-radius-bottom-left:0px;\" target=\"_self\"><span class=\"fusion-button-text awb-button__text awb-button__text--default\">STOCK<\/span><\/a><\/div><div class=\"fusion-clearfix\"><\/div><\/div><\/div><div class=\"fusion-layout-column fusion_builder_column_inner fusion-builder-nested-column-3 fusion_builder_column_inner_1_2 1_2 fusion-one-half fusion-column-last\" style=\"--awb-bg-size:cover;width:50%;width:calc(50% - ( ( 4% ) * 0.5 ) );\"><div class=\"fusion-column-wrapper fusion-flex-column-wrapper-legacy\"><div class=\"fusion-image-element in-legacy-container\" style=\"--awb-caption-title-font-family:var(--h2_typography-font-family);--awb-caption-title-font-weight:var(--h2_typography-font-weight);--awb-caption-title-font-style:var(--h2_typography-font-style);--awb-caption-title-size:var(--h2_typography-font-size);--awb-caption-title-transform:var(--h2_typography-text-transform);--awb-caption-title-line-height:var(--h2_typography-line-height);--awb-caption-title-letter-spacing:var(--h2_typography-letter-spacing);\"><span class=\" fusion-imageframe imageframe-none imageframe-4 hover-type-none\"><img decoding=\"async\" width=\"148\" height=\"111\" title=\"img_4\" src=\"https:\/\/www.trucktradingholland.com\/wp-content\/uploads\/2017\/12\/img_4-1.jpg\" alt class=\"img-responsive wp-image-784\"\/><\/span><\/div><div class=\"fusion-clearfix\"><\/div><\/div><\/div><\/div><div class=\"fusion-clearfix\"><\/div><\/div><\/div><div class=\"fusion-layout-column fusion_builder_column fusion-builder-column-2 fusion_builder_column_1_3 1_3 fusion-one-third fusion-column-last homepage-columns\" style=\"--awb-padding-top:70px;--awb-padding-right:20px;--awb-padding-bottom:10px;--awb-padding-left:20px;--awb-bg-color:#ffffff;--awb-bg-color-hover:#ffffff;--awb-bg-size:cover;--awb-margin-top:-53px;width:33.333333333333%;width:calc(33.333333333333% - ( ( 4% + 4% ) * 0.33333333333333 ) );\"><div class=\"fusion-column-wrapper fusion-flex-column-wrapper-legacy\"><div class=\"fusion-text fusion-text-5\"><p class=\"homepage-custom-title\" style=\"text-align: center;\">VENDERE<\/p>\n<\/div><div class=\"fusion-text fusion-text-6\"><p><strong><em>CONTATTO DIRETTO<\/em><\/strong><br \/>\n<em>FRANK HELMING:<a href=\"tel:+31630484706\">+31 (0)6 30 48 47 06<\/a><\/em><\/p>\n<p><strong><em>VUOI CHE TI CONTATTIAMO?<\/em><\/strong><\/p>\n<\/div>\n<div class=\"wpcf7 no-js\" id=\"wpcf7-f515-o1\" lang=\"nl-NL\" dir=\"ltr\" data-wpcf7-id=\"515\">\n<div class=\"screen-reader-response\"><p role=\"status\" aria-live=\"polite\" aria-atomic=\"true\"><\/p> <ul><\/ul><\/div>\n<form action=\"\/it\/wp-json\/wp\/v2\/pages\/478#wpcf7-f515-o1\" method=\"post\" class=\"wpcf7-form init\" aria-label=\"Contactformulier\" novalidate=\"novalidate\" data-status=\"init\">\n<fieldset class=\"hidden-fields-container\"><input type=\"hidden\" name=\"_wpcf7\" value=\"515\" \/><input type=\"hidden\" name=\"_wpcf7_version\" value=\"6.1\" \/><input type=\"hidden\" name=\"_wpcf7_locale\" value=\"nl_NL\" \/><input type=\"hidden\" name=\"_wpcf7_unit_tag\" value=\"wpcf7-f515-o1\" \/><input type=\"hidden\" name=\"_wpcf7_container_post\" value=\"0\" \/><input type=\"hidden\" name=\"_wpcf7_posted_data_hash\" value=\"\" \/><input type=\"hidden\" name=\"_wpcf7_recaptcha_response\" value=\"\" \/>\n<\/fieldset>\n<p><span class=\"wpcf7-form-control-wrap\" data-name=\"company-name\"><input size=\"40\" maxlength=\"400\" class=\"wpcf7-form-control wpcf7-text wpcf7-validates-as-required\" aria-required=\"true\" aria-invalid=\"false\" placeholder=\"Nome della societ\u00e0*\" value=\"\" type=\"text\" name=\"company-name\" \/><\/span>\n<\/p>\n<p><span class=\"wpcf7-form-control-wrap\" data-name=\"your-name\"><input size=\"40\" maxlength=\"400\" class=\"wpcf7-form-control wpcf7-text wpcf7-validates-as-required\" aria-required=\"true\" aria-invalid=\"false\" placeholder=\"Nome completo*\" value=\"\" type=\"text\" name=\"your-name\" \/><\/span>\n<\/p>\n<p><span class=\"wpcf7-form-control-wrap\" data-name=\"your-email\"><input size=\"40\" maxlength=\"400\" class=\"wpcf7-form-control wpcf7-email wpcf7-validates-as-required wpcf7-text wpcf7-validates-as-email\" aria-required=\"true\" aria-invalid=\"false\" placeholder=\"E-mail*\" value=\"\" type=\"email\" name=\"your-email\" \/><\/span>\n<\/p>\n<p><span class=\"wpcf7-form-control-wrap\" data-name=\"your-subject\"><input size=\"40\" maxlength=\"400\" class=\"wpcf7-form-control wpcf7-text\" aria-invalid=\"false\" placeholder=\"Soggetto\" value=\"\" type=\"text\" name=\"your-subject\" \/><\/span>\n<\/p>\n<p><input class=\"wpcf7-form-control wpcf7-submit has-spinner\" type=\"submit\" value=\"Inviare\" \/>\n<\/p><div class=\"fusion-alert alert custom alert-custom fusion-alert-center wpcf7-response-output awb-alert-native-link-color alert-dismissable awb-alert-close-boxed\" style=\"--awb-border-top-left-radius:0px;--awb-border-top-right-radius:0px;--awb-border-bottom-left-radius:0px;--awb-border-bottom-right-radius:0px;\" role=\"alert\"><div class=\"fusion-alert-content-wrapper\"><span class=\"fusion-alert-content\"><\/span><\/div><button type=\"button\" class=\"close toggle-alert\" data-dismiss=\"alert\" aria-label=\"Close\">&times;<\/button><\/div>\n<\/form>\n<\/div>\n<div class=\"fusion-clearfix\"><\/div><\/div><\/div><\/div><\/div><div class=\"fusion-fullwidth fullwidth-box fusion-builder-row-2 nonhundred-percent-fullwidth non-hundred-percent-height-scrolling\" style=\"--awb-border-radius-top-left:0px;--awb-border-radius-top-right:0px;--awb-border-radius-bottom-right:0px;--awb-border-radius-bottom-left:0px;--awb-padding-top:30px;--awb-flex-wrap:wrap;\" ><div class=\"fusion-builder-row fusion-row\"><div class=\"fusion-layout-column fusion_builder_column fusion-builder-column-3 fusion_builder_column_1_1 1_1 fusion-one-full fusion-column-first fusion-column-last\" style=\"--awb-bg-size:cover;\"><div class=\"fusion-column-wrapper fusion-flex-column-wrapper-legacy\"><div class=\"fusion-text fusion-text-7\"><h1>Truck Trading Holland<\/h1>\n<p>Benvenuti nel sito di Truck Trading Olanda! Siamo una marchio indipendente societ\u00e0 commerciale internazionale, che si occupa di importazione ed esportazione principalmente di camion e furgoni usati. Potete contattarci per l&#8217;acquisto, la vendita o la mediazione di tutte le marche Europee famose per veicoli commerciali, come DAF, IVECO, MAN, MERCEDES, RENAULT, SCANIA e VOLVO.<\/p>\n<p>Il carattere distintivo di Truck Trading Olanda \u00e8 caratterizzata da nostro piccolo, ma molto ambiziosa impresa, dove il cliente \u00e8 ancora sempre il re!<br \/>\nConosciamo e rispettiamo le diverse culture, se vuole si puo parlare in lingua Olandese, Inglese, Tedesco o Italiano. Quindi siamo vicini ai nostri clienti. Ci prendiamo il tempo per una buona conversazione gustando una deliziosa tazza di caff\u00e8 o t\u00e8. La flessibilit\u00e0, organizzazione piatta ci permette di essere in grado di riprodurre con precisione ai rapidi cambiamenti del mercato. Un trattamento discreto, corretta e tempestiva dei veicoli acquistati e venduti \u00e8 garantita da noi.<\/p>\n<p>Dal nostro anni di esperienza nel mondo internazionale altamente dinamico di furgoni, abbiamo costruito una buona rete, dove i nostri clienti potranno di beneficiare. Noi fornire solo buona qualit\u00e0 ad un prezzo competitivo, risultante per Lei come il proprietario, in un minor costo per chilometro e, infine, nel TCO (Total Cost of Ownership).<\/p>\n<p>Truck Trading Olanda ci trova in Paesi Bassi Est, in Terborg al Transportweg 5. Una volta che siete stati arrivati, chiamateci e vi verremo a prendere presto! In Ulft abbiamo un ufficio moderno, con un parcheggio di 5.500 m2 di visualizzare i veicoli e una propria officina per piccole riparazioni e la manutenzione.<br \/>\nGli orari di apertura sono Lunedi a Venerd\u00ec dalle ore 08.30 alle 17.30, inoltr, c&#8217;\u00e8 sempre la possibilit\u00e0 di fissare un appuntamento dopo queste ore.<\/p>\n<p>Vuole offrire un veicolo per la vendita, o siete alla ricerca di qualcosa di speciale, \u00e8 possibile inserire le informazioni sulle pagine di contatto. Ti risponderemo al pi\u00f9 presto.<\/p>\n<p>Ci auguriamo che possa trovare tutte le informazioni sul nostro sito. Quando se ha domande o commenti che possono portare a migliorare il nostro sito, fatecelo sapere.<\/p>\n<\/div><div class=\"fusion-clearfix\"><\/div><\/div><\/div><\/div><\/div><\/p>\n","protected":false},"excerpt":{"rendered":"","protected":false},"author":1,"featured_media":0,"parent":0,"menu_order":0,"comment_status":"closed","ping_status":"closed","template":"100-width.php","meta":{"footnotes":""},"class_list":["post-478","page","type-page","status-publish","hentry"],"_links":{"self":[{"href":"https:\/\/www.trucktradingholland.com\/it\/wp-json\/wp\/v2\/pages\/478","targetHints":{"allow":["GET"]}}],"collection":[{"href":"https:\/\/www.trucktradingholland.com\/it\/wp-json\/wp\/v2\/pages"}],"about":[{"href":"https:\/\/www.trucktradingholland.com\/it\/wp-json\/wp\/v2\/types\/page"}],"author":[{"embeddable":true,"href":"https:\/\/www.trucktradingholland.com\/it\/wp-json\/wp\/v2\/users\/1"}],"replies":[{"embeddable":true,"href":"https:\/\/www.trucktradingholland.com\/it\/wp-json\/wp\/v2\/comments?post=478"}],"version-history":[{"count":23,"href":"https:\/\/www.trucktradingholland.com\/it\/wp-json\/wp\/v2\/pages\/478\/revisions"}],"predecessor-version":[{"id":924,"href":"https:\/\/www.trucktradingholland.com\/it\/wp-json\/wp\/v2\/pages\/478\/revisions\/924"}],"wp:attachment":[{"href":"https:\/\/www.trucktradingholland.com\/it\/wp-json\/wp\/v2\/media?parent=478"}],"curies":[{"name":"wp","href":"https:\/\/api.w.org\/{rel}","templated":true}]}}